{"id":1082,"date":"2021-08-26T18:31:48","date_gmt":"2021-08-26T18:31:48","guid":{"rendered":"https:\/\/faltsilo.de\/?page_id=1082"},"modified":"2023-04-27T08:27:41","modified_gmt":"2023-04-27T08:27:41","slug":"tanks-for-drinking-water","status":"publish","type":"page","link":"https:\/\/faltsilo.de\/en\/tanks-for-drinking-water","title":{"rendered":"Tanks for Drinking Water"},"content":{"rendered":"\t<section class=\"section\" id=\"section_1583382395\">\n\t\t<div class=\"bg section-bg fill bg-fill  bg-loaded\" >\n\n\t\t\t\n\t\t\t\n\t\t\t\n\n\t\t<\/div>\n\n\t\t\n\n\t\t<div class=\"section-content relative\">\n\t\t\t\n<div class=\"row row-collapse row-full-width\"  id=\"row-306567297\">\n\n\t<div id=\"col-1278274381\" class=\"col small-12 large-12\"  >\n\t\t\t\t<div class=\"col-inner\"  >\n\t\t\t\n\t\t\t\n\n  <div class=\"banner has-hover\" id=\"banner-1974985731\">\n          <div class=\"banner-inner fill\">\n        <div class=\"banner-bg fill\" >\n            <div class=\"bg fill bg-fill \"><\/div>\n                                    \n                    <\/div>\n\t\t\n        <div class=\"banner-layers container\">\n            <div class=\"fill banner-link\"><\/div>            \n        <\/div>\n      <\/div>\n\n              <div class=\"height-fix is-invisible\"><img loading=\"lazy\" decoding=\"async\" width=\"1940\" height=\"400\" src=\"https:\/\/faltsilo.de\/wp-content\/uploads\/2021\/02\/behaelterbau.jpg\" class=\"attachment-original size-original\" alt=\"Beh\u00e4lterbau der Faltsilo GmbH\" srcset=\"https:\/\/faltsilo.de\/wp-content\/uploads\/2021\/02\/behaelterbau.jpg 1940w, https:\/\/faltsilo.de\/wp-content\/uploads\/2021\/02\/behaelterbau-300x62.jpg 300w, https:\/\/faltsilo.de\/wp-content\/uploads\/2021\/02\/behaelterbau-1024x211.jpg 1024w, https:\/\/faltsilo.de\/wp-content\/uploads\/2021\/02\/behaelterbau-768x158.jpg 768w, https:\/\/faltsilo.de\/wp-content\/uploads\/2021\/02\/behaelterbau-1536x317.jpg 1536w\" sizes=\"auto, (max-width: 1940px) 100vw, 1940px\" \/><\/div>\n            \n<style>\n#banner-1974985731 .bg.bg-loaded {\n  background-image: url(https:\/\/faltsilo.de\/wp-content\/uploads\/2021\/02\/behaelterbau.jpg);\n}\n#banner-1974985731 .bg {\n  background-position: 50% 55%;\n}\n#banner-1974985731 .ux-shape-divider--top svg {\n  height: 150px;\n  --divider-top-width: 100%;\n}\n#banner-1974985731 .ux-shape-divider--bottom svg {\n  height: 150px;\n  --divider-width: 100%;\n}\n<\/style>\n  <\/div>\n\n\n\t\t<\/div>\n\t\t\t\t\t<\/div>\n\n\t\n<\/div>\n\t\t<\/div>\n\n\t\t\n<style>\n#section_1583382395 {\n  padding-top: 30px;\n  padding-bottom: 30px;\n}\n#section_1583382395 .ux-shape-divider--top svg {\n  height: 150px;\n  --divider-top-width: 100%;\n}\n#section_1583382395 .ux-shape-divider--bottom svg {\n  height: 150px;\n  --divider-width: 100%;\n}\n<\/style>\n\t<\/section>\n\t\n\t<section class=\"section\" id=\"section_821351459\">\n\t\t<div class=\"bg section-bg fill bg-fill  bg-loaded\" >\n\n\t\t\t\n\t\t\t\n\t\t\t\n\n\t\t<\/div>\n\n\t\t\n\n\t\t<div class=\"section-content relative\">\n\t\t\t\n<div class=\"row\"  id=\"row-813528975\">\n\n\t<div id=\"col-1612349322\" class=\"col small-12 large-12\"  >\n\t\t\t\t<div class=\"col-inner\"  >\n\t\t\t\n\t\t\t\n\t<div id=\"text-2068226557\" class=\"text\">\n\t\t\n<h1>CONTAINERS IN THE DRINKING WATER SECTOR<\/h1>\n\t\t\n<style>\n#text-2068226557 {\n  text-align: center;\n}\n<\/style>\n\t<\/div>\n\t\n\t\t<\/div>\n\t\t\t\t\t<\/div>\n\n\t\n<\/div>\n\t\t<\/div>\n\n\t\t\n<style>\n#section_821351459 {\n  padding-top: 15px;\n  padding-bottom: 15px;\n}\n#section_821351459 .ux-shape-divider--top svg {\n  height: 150px;\n  --divider-top-width: 100%;\n}\n#section_821351459 .ux-shape-divider--bottom svg {\n  height: 150px;\n  --divider-width: 100%;\n}\n<\/style>\n\t<\/section>\n\t\n\t<section class=\"section\" id=\"section_353255519\">\n\t\t<div class=\"bg section-bg fill bg-fill  bg-loaded\" >\n\n\t\t\t\n\t\t\t\n\t\t\t\n\n\t\t<\/div>\n\n\t\t\n\n\t\t<div class=\"section-content relative\">\n\t\t\t\n<div class=\"row align-middle\"  id=\"row-1730358711\">\n\n\t<div id=\"col-1571434570\" class=\"col medium-12 small-12 large-12\"  >\n\t\t\t\t<div class=\"col-inner text-left\"  >\n\t\t\t\n\t\t\t\n\t<div id=\"gap-12755273\" class=\"gap-element clearfix hidden\" style=\"display:block; height:auto;\">\n\t\t\n<style>\n#gap-12755273 {\n  padding-top: 15px;\n}\n<\/style>\n\t<\/div>\n\t\n<h3>Material PES\/PVC:<\/h3>\n<ul>\n<li>PES\/PVC with a tensile strength of approx. 3000 &#8211; 4000 N\/5 cm<\/li>\n<li> Weight per unit area: approx. 1100 g\/m\u00b2<\/li>\n<li> resistant from -30\/+70 \u00b0C<\/li>\n<li> Color: upon request <\/li>\n<li> with drinking water certificate on request <\/li>\n<li>Construction see data sheets<\/li>\n<\/ul>\n\t\t<\/div>\n\t\t\t\t\t<\/div>\n\n\t\n<\/div>\n<div class=\"row\"  id=\"row-51743684\">\n\n\t<div id=\"col-1379445854\" class=\"col medium-6 small-12 large-6\"  >\n\t\t\t\t<div class=\"col-inner text-center\"  >\n\t\t\t\n\t\t\t\n\t<div id=\"text-3122334320\" class=\"text\">\n\t\t\n<h3>closed folding container standard<\/h3>\n\t\t\n<style>\n#text-3122334320 {\n  text-align: center;\n}\n<\/style>\n\t<\/div>\n\t\n\t<div class=\"img has-hover x md-x lg-x y md-y lg-y\" id=\"image_129230968\">\n\t\t\t\t\t\t\t\t<div class=\"img-inner box-shadow-3 box-shadow-3-hover dark\" >\n\t\t\t<img loading=\"lazy\" decoding=\"async\" width=\"700\" height=\"500\" src=\"https:\/\/faltsilo.de\/wp-content\/uploads\/2021\/04\/geschlossener-faltbehaelter.jpg\" class=\"attachment-original size-original\" alt=\"geschlossener Faltbeh\u00e4lter f\u00fcr Trinkwasser\" srcset=\"https:\/\/faltsilo.de\/wp-content\/uploads\/2021\/04\/geschlossener-faltbehaelter.jpg 700w, https:\/\/faltsilo.de\/wp-content\/uploads\/2021\/04\/geschlossener-faltbehaelter-300x214.jpg 300w\" sizes=\"auto, (max-width: 700px) 100vw, 700px\" \/>\t\t\t\t\t\t\n\t\t\t\t\t<\/div>\n\t\t\t\t\t\t\t\t\n<style>\n#image_129230968 {\n  width: 90%;\n}\n<\/style>\n\t<\/div>\n\t\n\t\t<\/div>\n\t\t\t\t\t<\/div>\n\n\t\n\n\t<div id=\"col-725644850\" class=\"col medium-6 small-12 large-6\"  >\n\t\t\t\t<div class=\"col-inner text-center\"  >\n\t\t\t\n\t\t\t\n<h3>closed folding container with lacing<\/h3>\n\t<div class=\"img has-hover x md-x lg-x y md-y lg-y\" id=\"image_427950509\">\n\t\t\t\t\t\t\t\t<div class=\"img-inner box-shadow-3 box-shadow-3-hover dark\" >\n\t\t\t<img loading=\"lazy\" decoding=\"async\" width=\"700\" height=\"500\" src=\"https:\/\/faltsilo.de\/wp-content\/uploads\/2021\/04\/faltbehaelter-verschnuerung.jpg\" class=\"attachment-original size-original\" alt=\"geschlossener Faltbeh\u00e4lter mit Verschn\u00fcrung f\u00fcr Trinkwasser\" srcset=\"https:\/\/faltsilo.de\/wp-content\/uploads\/2021\/04\/faltbehaelter-verschnuerung.jpg 700w, https:\/\/faltsilo.de\/wp-content\/uploads\/2021\/04\/faltbehaelter-verschnuerung-300x214.jpg 300w\" sizes=\"auto, (max-width: 700px) 100vw, 700px\" \/>\t\t\t\t\t\t\n\t\t\t\t\t<\/div>\n\t\t\t\t\t\t\t\t\n<style>\n#image_427950509 {\n  width: 90%;\n}\n<\/style>\n\t<\/div>\n\t\n\t\t<\/div>\n\t\t\t\t\t<\/div>\n\n\t\n<\/div>\n<div class=\"row\"  id=\"row-1369770058\">\n\n\t<div id=\"col-1237632360\" class=\"col medium-6 small-12 large-6\"  >\n\t\t\t\t<div class=\"col-inner text-center\"  >\n\t\t\t\n\t\t\t\n<h3>open folding container with cover tarpaulin<\/h3>\n\t<div class=\"img has-hover x md-x lg-x y md-y lg-y\" id=\"image_1417432951\">\n\t\t\t\t\t\t\t\t<div class=\"img-inner box-shadow-3 box-shadow-3-hover dark\" >\n\t\t\t<img loading=\"lazy\" decoding=\"async\" width=\"700\" height=\"500\" src=\"https:\/\/faltsilo.de\/wp-content\/uploads\/2021\/04\/faltbehaelter-plane.jpg\" class=\"attachment-original size-original\" alt=\"Faltbeh\u00e4lter offen mit Abdeckplane f\u00fcr Trinkwasser\" srcset=\"https:\/\/faltsilo.de\/wp-content\/uploads\/2021\/04\/faltbehaelter-plane.jpg 700w, https:\/\/faltsilo.de\/wp-content\/uploads\/2021\/04\/faltbehaelter-plane-300x214.jpg 300w\" sizes=\"auto, (max-width: 700px) 100vw, 700px\" \/>\t\t\t\t\t\t\n\t\t\t\t\t<\/div>\n\t\t\t\t\t\t\t\t\n<style>\n#image_1417432951 {\n  width: 90%;\n}\n<\/style>\n\t<\/div>\n\t\n\t\t<\/div>\n\t\t\t\t\t<\/div>\n\n\t\n\n\t<div id=\"col-668679652\" class=\"col medium-6 small-12 large-6\"  >\n\t\t\t\t<div class=\"col-inner text-center\"  >\n\t\t\t\n\t\t\t\n<h3>folding tank with drinking water inliner<\/h3>\n\t<div class=\"img has-hover x md-x lg-x y md-y lg-y\" id=\"image_1489525407\">\n\t\t\t\t\t\t\t\t<div class=\"img-inner box-shadow-3 box-shadow-3-hover dark\" >\n\t\t\t<img loading=\"lazy\" decoding=\"async\" width=\"700\" height=\"500\" src=\"https:\/\/faltsilo.de\/wp-content\/uploads\/2021\/04\/trinkwasser-inliner.jpg\" class=\"attachment-original size-original\" alt=\"Faltbeh\u00e4lter mit Trinkwasserinliner\" srcset=\"https:\/\/faltsilo.de\/wp-content\/uploads\/2021\/04\/trinkwasser-inliner.jpg 700w, https:\/\/faltsilo.de\/wp-content\/uploads\/2021\/04\/trinkwasser-inliner-300x214.jpg 300w\" sizes=\"auto, (max-width: 700px) 100vw, 700px\" \/>\t\t\t\t\t\t\n\t\t\t\t\t<\/div>\n\t\t\t\t\t\t\t\t\n<style>\n#image_1489525407 {\n  width: 90%;\n}\n<\/style>\n\t<\/div>\n\t\n\t\t<\/div>\n\t\t\t\t\t<\/div>\n\n\t\n<\/div>\n\t\t<\/div>\n\n\t\t\n<style>\n#section_353255519 {\n  padding-top: 15px;\n  padding-bottom: 15px;\n}\n#section_353255519 .ux-shape-divider--top svg {\n  height: 150px;\n  --divider-top-width: 100%;\n}\n#section_353255519 .ux-shape-divider--bottom svg {\n  height: 150px;\n  --divider-width: 100%;\n}\n<\/style>\n\t<\/section>\n\t\n\t<section class=\"section\" id=\"section_296718422\">\n\t\t<div class=\"bg section-bg fill bg-fill  bg-loaded\" >\n\n\t\t\t\n\t\t\t\n\t\t\t\n\n\t\t<\/div>\n\n\t\t\n\n\t\t<div class=\"section-content relative\">\n\t\t\t\n<div class=\"row\"  id=\"row-1973603594\">\n\n\t<div id=\"col-1419428928\" class=\"col hide-for-small small-12 large-12\"  >\n\t\t\t\t<div class=\"col-inner\"  >\n\t\t\t\n\t\t\t\n\t<div id=\"text-2420075688\" class=\"text\">\n\t\t\n<h3>Documents for download<\/h3>\n\t\t\n<style>\n#text-2420075688 {\n  text-align: left;\n}\n<\/style>\n\t<\/div>\n\t\n\t\t<\/div>\n\t\t\t\t\t<\/div>\n\n\t\n<\/div>\n<div class=\"row\"  id=\"row-1511622853\">\n\n\t<div id=\"col-54456901\" class=\"col small-12 large-12\"  >\n\t\t\t\t<div class=\"col-inner text-left\"  >\n\t\t\t\n\t\t\t\n<p>\n<a href=\"\/wp-content\/uploads\/2021\/04\/Datenblatt-FFB-mit-Reia\u0301verschluss-Typ-THW.pdf\">Download Datenblatt Beh\u00e4lter mit Verschn\u00fcrung<\/a><\/p>\n<p>\n<a href=\"\/wp-content\/uploads\/2023\/04\/Download-Behaelter-mit-Trinkwasserinliner.pdf\">Download Datenblatt Beh\u00e4lter mit Trinkwasserinliner<\/a><\/p>\n<p>\n<a href=\"\/wp-content\/uploads\/2021\/04\/Datenblatt-TW-Inliner.pdf\">Download Datenblatt Trinkwasserinliner<\/a><\/p>\n<p><a href=\"\/wp-content\/uploads\/2021\/04\/Datenblatt-Armaturen-1.pdf\">Download Datenblatt Armaturen<\/a><\/p>\n\t\t<\/div>\n\t\t\t\t\t<\/div>\n\n\t\n<\/div>\n<div class=\"row align-middle align-center\"  id=\"row-1197652836\">\n\n\t<div id=\"col-613201430\" class=\"col small-12 large-12\"  >\n\t\t\t\t<div class=\"col-inner text-center\"  >\n\t\t\t\n\t\t\t\n\t<div id=\"gap-1646979482\" class=\"gap-element clearfix\" style=\"display:block; height:auto;\">\n\t\t\n<style>\n#gap-1646979482 {\n  padding-top: 30px;\n}\n<\/style>\n\t<\/div>\n\t\n<a href=\"\/en\/products\" target=\"_self\" class=\"button primary\"  style=\"border-radius:10px;\">\n    <span>Back to the product overview<\/span>\n  <\/a>\n\n\t\t<\/div>\n\t\t\t\t\t<\/div>\n\n\t\n<\/div>\n\t\t<\/div>\n\n\t\t\n<style>\n#section_296718422 {\n  padding-top: 15px;\n  padding-bottom: 15px;\n}\n#section_296718422 .ux-shape-divider--top svg {\n  height: 150px;\n  --divider-top-width: 100%;\n}\n#section_296718422 .ux-shape-divider--bottom svg {\n  height: 150px;\n  --divider-width: 100%;\n}\n<\/style>\n\t<\/section>\n\t\n\t<section class=\"section\" id=\"section_2040026388\">\n\t\t<div class=\"bg section-bg fill bg-fill  \" >\n\n\t\t\t\n\t\t\t<div class=\"section-bg-overlay absolute fill\"><\/div>\n\t\t\t\n\t<div class=\"is-border\"\n\t\tstyle=\"border-color:rgb(255, 255, 255);border-width:0px 0px 0px 0px;\">\n\t<\/div>\n\n\t\t<\/div>\n\n\t\t\n\n\t\t<div class=\"section-content relative\">\n\t\t\t\n\n<div class=\"row\"  id=\"row-1663771149\">\n\n\n\t<div id=\"col-2060056799\" class=\"col small-12 large-12\"  >\n\t\t\t\t<div class=\"col-inner\"  >\n\t\t\t\n\t\t\t\n\n\t<div id=\"gap-324960339\" class=\"gap-element clearfix\" style=\"display:block; height:auto;\">\n\t\t\n<style>\n#gap-324960339 {\n  padding-top: 30px;\n}\n<\/style>\n\t<\/div>\n\t\n\n\t<div id=\"text-2969412808\" class=\"text\">\n\t\t\n\n<h2>You have questions? We are available for you!<\/h2>\n\t\t\n<style>\n#text-2969412808 {\n  text-align: center;\n  color: #122a82;\n}\n#text-2969412808 > * {\n  color: #122a82;\n}\n<\/style>\n\t<\/div>\n\t\n\n\t\t<\/div>\n\t\t\t\t\t<\/div>\n\n\t\n\n<\/div>\n<div class=\"row\"  id=\"row-1157070962\">\n\n\n\t<div id=\"col-320479275\" class=\"col medium-3 small-12 large-3\"  >\n\t\t\t\t<div class=\"col-inner text-center\"  >\n\t\t\t\n\t\t\t\n\n\t<div class=\"img has-hover x md-x lg-x y md-y lg-y\" id=\"image_1566530958\">\n\t\t\t\t\t\t\t\t<div class=\"img-inner dark\" >\n\t\t\t<img loading=\"lazy\" decoding=\"async\" width=\"512\" height=\"512\" src=\"https:\/\/faltsilo.de\/wp-content\/uploads\/2021\/02\/envelope-solid.png\" class=\"attachment-original size-original\" alt=\"E-Mail an Faltsilo\" srcset=\"https:\/\/faltsilo.de\/wp-content\/uploads\/2021\/02\/envelope-solid.png 512w, https:\/\/faltsilo.de\/wp-content\/uploads\/2021\/02\/envelope-solid-300x300.png 300w, https:\/\/faltsilo.de\/wp-content\/uploads\/2021\/02\/envelope-solid-150x150.png 150w\" sizes=\"auto, (max-width: 512px) 100vw, 512px\" \/>\t\t\t\t\t\t\n\t\t\t\t\t<\/div>\n\t\t\t\t\t\t\t\t\n<style>\n#image_1566530958 {\n  width: 40%;\n}\n<\/style>\n\t<\/div>\n\t\n\n\t<div id=\"gap-927172912\" class=\"gap-element clearfix\" style=\"display:block; height:auto;\">\n\t\t\n<style>\n#gap-927172912 {\n  padding-top: 30px;\n}\n<\/style>\n\t<\/div>\n\t\n\n\t<div id=\"text-1383322786\" class=\"text\">\n\t\t\n\n<h3>Write to us!<\/h3><p><a href=\"info@faltsilo.de\">info@faltsilo.de<\/a><\/p>\n\t\t\n<style>\n#text-1383322786 {\n  text-align: center;\n}\n<\/style>\n\t<\/div>\n\t\n\n\t\t<\/div>\n\t\t\t\t\t<\/div>\n\n\t\n\n\t<div id=\"col-2065710192\" class=\"col medium-3 small-12 large-3\"  >\n\t\t\t\t<div class=\"col-inner text-center\"  >\n\t\t\t\n\t\t\t\n\n\t<div class=\"img has-hover x md-x lg-x y md-y lg-y\" id=\"image_1529264616\">\n\t\t\t\t\t\t\t\t<div class=\"img-inner dark\" >\n\t\t\t<img loading=\"lazy\" decoding=\"async\" width=\"320\" height=\"512\" src=\"https:\/\/faltsilo.de\/wp-content\/uploads\/2021\/02\/mobile-android-alt-solid.png\" class=\"attachment-original size-original\" alt=\"Smartphone Faltsilo GmbH\" srcset=\"https:\/\/faltsilo.de\/wp-content\/uploads\/2021\/02\/mobile-android-alt-solid.png 320w, https:\/\/faltsilo.de\/wp-content\/uploads\/2021\/02\/mobile-android-alt-solid-188x300.png 188w\" sizes=\"auto, (max-width: 320px) 100vw, 320px\" \/>\t\t\t\t\t\t\n\t\t\t\t\t<\/div>\n\t\t\t\t\t\t\t\t\n<style>\n#image_1529264616 {\n  width: 25%;\n}\n<\/style>\n\t<\/div>\n\t\n\n\t<div id=\"gap-1629560641\" class=\"gap-element clearfix\" style=\"display:block; height:auto;\">\n\t\t\n<style>\n#gap-1629560641 {\n  padding-top: 30px;\n}\n<\/style>\n\t<\/div>\n\t\n\n\t<div id=\"text-626338966\" class=\"text\">\n\t\t\n\n<h3>Give us a call!<\/h3><p><a href=\"tel:+4941923981\">0 41 92 - 39 81<\/a>\n\t\t\n<style>\n#text-626338966 {\n  text-align: center;\n}\n<\/style>\n\t<\/div>\n\t\n\n\t\t<\/div>\n\t\t\t\t\t<\/div>\n\n\t\n\n\t<div id=\"col-606193838\" class=\"col medium-3 small-12 large-3\"  >\n\t\t\t\t<div class=\"col-inner text-center\"  >\n\t\t\t\n\t\t\t\n\n\t<div class=\"img has-hover x md-x lg-x y md-y lg-y\" id=\"image_36589140\">\n\t\t\t\t\t\t\t\t<div class=\"img-inner dark\" >\n\t\t\t<img loading=\"lazy\" decoding=\"async\" width=\"384\" height=\"512\" src=\"https:\/\/faltsilo.de\/wp-content\/uploads\/2021\/02\/map-marker-solid.png\" class=\"attachment-original size-original\" alt=\"Faltsilo GmbH Bad Bramstedt\" srcset=\"https:\/\/faltsilo.de\/wp-content\/uploads\/2021\/02\/map-marker-solid.png 384w, https:\/\/faltsilo.de\/wp-content\/uploads\/2021\/02\/map-marker-solid-225x300.png 225w\" sizes=\"auto, (max-width: 384px) 100vw, 384px\" \/>\t\t\t\t\t\t\n\t\t\t\t\t<\/div>\n\t\t\t\t\t\t\t\t\n<style>\n#image_36589140 {\n  width: 30%;\n}\n<\/style>\n\t<\/div>\n\t\n\n\t<div id=\"gap-364846026\" class=\"gap-element clearfix\" style=\"display:block; height:auto;\">\n\t\t\n<style>\n#gap-364846026 {\n  padding-top: 30px;\n}\n<\/style>\n\t<\/div>\n\t\n\n\t<div id=\"text-3079320343\" class=\"text\">\n\t\t\n\n<h3>Come and visit us!<\/h3><p>Am Hasselt 3<br\/>D-24576 Bad Bramstedt<\/p>\n\t\t\n<style>\n#text-3079320343 {\n  text-align: center;\n}\n<\/style>\n\t<\/div>\n\t\n\n\t\t<\/div>\n\t\t\t\t\t<\/div>\n\n\t\n\n\t<div id=\"col-420096225\" class=\"col medium-3 small-12 large-3\"  >\n\t\t\t\t<div class=\"col-inner text-center\"  >\n\t\t\t\n\t\t\t\n\n\t<div class=\"img has-hover x md-x lg-x y md-y lg-y\" id=\"image_632151159\">\n\t\t\t\t\t\t\t\t<div class=\"img-inner dark\" >\n\t\t\t<img loading=\"lazy\" decoding=\"async\" width=\"2134\" height=\"2134\" src=\"https:\/\/faltsilo.de\/wp-content\/uploads\/2021\/02\/clock-solid-1-01.png\" class=\"attachment-original size-original\" alt=\"Uhr\" srcset=\"https:\/\/faltsilo.de\/wp-content\/uploads\/2021\/02\/clock-solid-1-01.png 2134w, https:\/\/faltsilo.de\/wp-content\/uploads\/2021\/02\/clock-solid-1-01-300x300.png 300w, https:\/\/faltsilo.de\/wp-content\/uploads\/2021\/02\/clock-solid-1-01-1024x1024.png 1024w, https:\/\/faltsilo.de\/wp-content\/uploads\/2021\/02\/clock-solid-1-01-150x150.png 150w, https:\/\/faltsilo.de\/wp-content\/uploads\/2021\/02\/clock-solid-1-01-768x768.png 768w, https:\/\/faltsilo.de\/wp-content\/uploads\/2021\/02\/clock-solid-1-01-1536x1536.png 1536w, https:\/\/faltsilo.de\/wp-content\/uploads\/2021\/02\/clock-solid-1-01-2048x2048.png 2048w\" sizes=\"auto, (max-width: 2134px) 100vw, 2134px\" \/>\t\t\t\t\t\t\n\t\t\t\t\t<\/div>\n\t\t\t\t\t\t\t\t\n<style>\n#image_632151159 {\n  width: 40%;\n}\n<\/style>\n\t<\/div>\n\t\n\n\t<div id=\"gap-423788805\" class=\"gap-element clearfix\" style=\"display:block; height:auto;\">\n\t\t\n<style>\n#gap-423788805 {\n  padding-top: 30px;\n}\n<\/style>\n\t<\/div>\n\t\n\n\t<div id=\"text-775861819\" class=\"text\">\n\t\t\n\n<h3>Opening hours<\/h3><p>Mo. - Do.: 07:00 - 17:00 Uhr<br\/>Fr.: 07:00 - 15:00 Uhr<\/p>\n\t\t\n<style>\n#text-775861819 {\n  text-align: center;\n}\n<\/style>\n\t<\/div>\n\t\n\n\t\t<\/div>\n\t\t\t\t\t<\/div>\n\n\t\n\n\n<style>\n#row-1157070962 > .col > .col-inner {\n  padding: 30px 0px 0px 0px;\n}\n<\/style>\n<\/div>\n\n\t\t<\/div>\n\n\t\t\n<style>\n#section_2040026388 {\n  padding-top: 0px;\n  padding-bottom: 0px;\n  min-height: 300px;\n  background-color: rgb(255, 255, 255);\n}\n#section_2040026388 .section-bg-overlay {\n  background-color: rgba(247, 244, 244, 0.634);\n}\n#section_2040026388 .section-bg.bg-loaded {\n  background-image: url(https:\/\/faltsilo.de\/wp-content\/uploads\/2021\/04\/salz.jpg);\n}\n#section_2040026388 .section-bg {\n  background-position: 46% 28%;\n}\n#section_2040026388 .ux-shape-divider--top svg {\n  height: 150px;\n  --divider-top-width: 100%;\n}\n#section_2040026388 .ux-shape-divider--bottom svg {\n  height: 150px;\n  --divider-width: 100%;\n}\n<\/style>\n\t<\/section>\n\t\n","protected":false},"excerpt":{"rendered":"","protected":false},"author":2,"featured_media":0,"parent":0,"menu_order":0,"comment_status":"closed","ping_status":"closed","template":"page-blank.php","meta":{"footnotes":""},"class_list":["post-1082","page","type-page","status-publish","hentry"],"yoast_head":"<!-- This site is optimized with the Yoast SEO plugin v27.5 - https:\/\/yoast.com\/product\/yoast-seo-wordpress\/ -->\n<title>Tanks of FaltSilo GmbH for the drinking water sector<\/title>\n<meta name=\"description\" content=\"Drinking water can also be stored and transported in our containers. We will show you our variants and will be happy to advise you.\" \/>\n<meta name=\"robots\" content=\"index, follow, max-snippet:-1, max-image-preview:large, max-video-preview:-1\" \/>\n<link rel=\"canonical\" href=\"https:\/\/faltsilo.de\/en\/tanks-for-drinking-water\" \/>\n<meta property=\"og:locale\" content=\"en_US\" \/>\n<meta property=\"og:type\" content=\"article\" \/>\n<meta property=\"og:title\" content=\"Tanks of FaltSilo GmbH for the drinking water sector\" \/>\n<meta property=\"og:description\" content=\"Drinking water can also be stored and transported in our containers. We will show you our variants and will be happy to advise you.\" \/>\n<meta property=\"og:url\" content=\"https:\/\/faltsilo.de\/en\/tanks-for-drinking-water\" \/>\n<meta property=\"og:site_name\" content=\"FaltSilo GmbH\" \/>\n<meta property=\"article:modified_time\" content=\"2023-04-27T08:27:41+00:00\" \/>\n<meta name=\"twitter:card\" content=\"summary_large_image\" \/>\n<meta name=\"twitter:label1\" content=\"Est. reading time\" \/>\n\t<meta name=\"twitter:data1\" content=\"1 minute\" \/>\n<script type=\"application\/ld+json\" class=\"yoast-schema-graph\">{\"@context\":\"https:\\\/\\\/schema.org\",\"@graph\":[{\"@type\":\"WebPage\",\"@id\":\"https:\\\/\\\/faltsilo.de\\\/en\\\/tanks-for-drinking-water\",\"url\":\"https:\\\/\\\/faltsilo.de\\\/en\\\/tanks-for-drinking-water\",\"name\":\"Tanks of FaltSilo GmbH for the drinking water sector\",\"isPartOf\":{\"@id\":\"https:\\\/\\\/faltsilo.de\\\/en#website\"},\"datePublished\":\"2021-08-26T18:31:48+00:00\",\"dateModified\":\"2023-04-27T08:27:41+00:00\",\"description\":\"Drinking water can also be stored and transported in our containers. We will show you our variants and will be happy to advise you.\",\"breadcrumb\":{\"@id\":\"https:\\\/\\\/faltsilo.de\\\/en\\\/tanks-for-drinking-water#breadcrumb\"},\"inLanguage\":\"en-US\",\"potentialAction\":[{\"@type\":\"ReadAction\",\"target\":[\"https:\\\/\\\/faltsilo.de\\\/en\\\/tanks-for-drinking-water\"]}]},{\"@type\":\"BreadcrumbList\",\"@id\":\"https:\\\/\\\/faltsilo.de\\\/en\\\/tanks-for-drinking-water#breadcrumb\",\"itemListElement\":[{\"@type\":\"ListItem\",\"position\":1,\"name\":\"Startseite\",\"item\":\"https:\\\/\\\/faltsilo.de\\\/en\"},{\"@type\":\"ListItem\",\"position\":2,\"name\":\"Tanks for Drinking Water\"}]},{\"@type\":\"WebSite\",\"@id\":\"https:\\\/\\\/faltsilo.de\\\/en#website\",\"url\":\"https:\\\/\\\/faltsilo.de\\\/en\",\"name\":\"FaltSilo GmbH\",\"description\":\"\",\"potentialAction\":[{\"@type\":\"SearchAction\",\"target\":{\"@type\":\"EntryPoint\",\"urlTemplate\":\"https:\\\/\\\/faltsilo.de\\\/en?s={search_term_string}\"},\"query-input\":{\"@type\":\"PropertyValueSpecification\",\"valueRequired\":true,\"valueName\":\"search_term_string\"}}],\"inLanguage\":\"en-US\"}]}<\/script>\n<!-- \/ Yoast SEO plugin. -->","yoast_head_json":{"title":"Tanks of FaltSilo GmbH for the drinking water sector","description":"Drinking water can also be stored and transported in our containers. We will show you our variants and will be happy to advise you.","robots":{"index":"index","follow":"follow","max-snippet":"max-snippet:-1","max-image-preview":"max-image-preview:large","max-video-preview":"max-video-preview:-1"},"canonical":"https:\/\/faltsilo.de\/en\/tanks-for-drinking-water","og_locale":"en_US","og_type":"article","og_title":"Tanks of FaltSilo GmbH for the drinking water sector","og_description":"Drinking water can also be stored and transported in our containers. We will show you our variants and will be happy to advise you.","og_url":"https:\/\/faltsilo.de\/en\/tanks-for-drinking-water","og_site_name":"FaltSilo GmbH","article_modified_time":"2023-04-27T08:27:41+00:00","twitter_card":"summary_large_image","twitter_misc":{"Est. reading time":"1 minute"},"schema":{"@context":"https:\/\/schema.org","@graph":[{"@type":"WebPage","@id":"https:\/\/faltsilo.de\/en\/tanks-for-drinking-water","url":"https:\/\/faltsilo.de\/en\/tanks-for-drinking-water","name":"Tanks of FaltSilo GmbH for the drinking water sector","isPartOf":{"@id":"https:\/\/faltsilo.de\/en#website"},"datePublished":"2021-08-26T18:31:48+00:00","dateModified":"2023-04-27T08:27:41+00:00","description":"Drinking water can also be stored and transported in our containers. We will show you our variants and will be happy to advise you.","breadcrumb":{"@id":"https:\/\/faltsilo.de\/en\/tanks-for-drinking-water#breadcrumb"},"inLanguage":"en-US","potentialAction":[{"@type":"ReadAction","target":["https:\/\/faltsilo.de\/en\/tanks-for-drinking-water"]}]},{"@type":"BreadcrumbList","@id":"https:\/\/faltsilo.de\/en\/tanks-for-drinking-water#breadcrumb","itemListElement":[{"@type":"ListItem","position":1,"name":"Startseite","item":"https:\/\/faltsilo.de\/en"},{"@type":"ListItem","position":2,"name":"Tanks for Drinking Water"}]},{"@type":"WebSite","@id":"https:\/\/faltsilo.de\/en#website","url":"https:\/\/faltsilo.de\/en","name":"FaltSilo GmbH","description":"","potentialAction":[{"@type":"SearchAction","target":{"@type":"EntryPoint","urlTemplate":"https:\/\/faltsilo.de\/en?s={search_term_string}"},"query-input":{"@type":"PropertyValueSpecification","valueRequired":true,"valueName":"search_term_string"}}],"inLanguage":"en-US"}]}},"_links":{"self":[{"href":"https:\/\/faltsilo.de\/en\/wp-json\/wp\/v2\/pages\/1082","targetHints":{"allow":["GET"]}}],"collection":[{"href":"https:\/\/faltsilo.de\/en\/wp-json\/wp\/v2\/pages"}],"about":[{"href":"https:\/\/faltsilo.de\/en\/wp-json\/wp\/v2\/types\/page"}],"author":[{"embeddable":true,"href":"https:\/\/faltsilo.de\/en\/wp-json\/wp\/v2\/users\/2"}],"replies":[{"embeddable":true,"href":"https:\/\/faltsilo.de\/en\/wp-json\/wp\/v2\/comments?post=1082"}],"version-history":[{"count":7,"href":"https:\/\/faltsilo.de\/en\/wp-json\/wp\/v2\/pages\/1082\/revisions"}],"predecessor-version":[{"id":1442,"href":"https:\/\/faltsilo.de\/en\/wp-json\/wp\/v2\/pages\/1082\/revisions\/1442"}],"wp:attachment":[{"href":"https:\/\/faltsilo.de\/en\/wp-json\/wp\/v2\/media?parent=1082"}],"curies":[{"name":"wp","href":"https:\/\/api.w.org\/{rel}","templated":true}]}}