{"id":1135,"date":"2021-08-29T14:57:34","date_gmt":"2021-08-29T14:57:34","guid":{"rendered":"https:\/\/faltsilo.de\/?page_id=1135"},"modified":"2021-08-29T15:14:18","modified_gmt":"2021-08-29T15:14:18","slug":"quality","status":"publish","type":"page","link":"https:\/\/faltsilo.de\/en\/quality","title":{"rendered":"Quality"},"content":{"rendered":"\t<section class=\"section\" id=\"section_1738150633\">\n\t\t<div class=\"bg section-bg fill bg-fill  bg-loaded\" >\n\n\t\t\t\n\t\t\t\n\t\t\t\n\n\t\t<\/div>\n\n\t\t\n\n\t\t<div class=\"section-content relative\">\n\t\t\t\n<div class=\"row row-collapse row-full-width\"  id=\"row-2065765269\">\n\n\t<div id=\"col-1004527318\" class=\"col small-12 large-12\"  >\n\t\t\t\t<div class=\"col-inner\"  >\n\t\t\t\n\t\t\t\n\n  <div class=\"banner has-hover\" id=\"banner-227698653\">\n          <div class=\"banner-inner fill\">\n        <div class=\"banner-bg fill\" >\n            <div class=\"bg fill bg-fill \"><\/div>\n                                    \n                    <\/div>\n\t\t\n        <div class=\"banner-layers container\">\n            <div class=\"fill banner-link\"><\/div>            \n        <\/div>\n      <\/div>\n\n              <div class=\"height-fix is-invisible\"><img loading=\"lazy\" decoding=\"async\" width=\"1940\" height=\"400\" src=\"https:\/\/faltsilo.de\/wp-content\/uploads\/2021\/04\/qualitaet.jpg\" class=\"attachment-original size-original\" alt=\"Qualit\u00e4t der FaltSilo GmbH\" srcset=\"https:\/\/faltsilo.de\/wp-content\/uploads\/2021\/04\/qualitaet.jpg 1940w, https:\/\/faltsilo.de\/wp-content\/uploads\/2021\/04\/qualitaet-300x62.jpg 300w, https:\/\/faltsilo.de\/wp-content\/uploads\/2021\/04\/qualitaet-1024x211.jpg 1024w, https:\/\/faltsilo.de\/wp-content\/uploads\/2021\/04\/qualitaet-768x158.jpg 768w, https:\/\/faltsilo.de\/wp-content\/uploads\/2021\/04\/qualitaet-1536x317.jpg 1536w\" sizes=\"auto, (max-width: 1940px) 100vw, 1940px\" \/><\/div>\n            \n<style>\n#banner-227698653 .bg.bg-loaded {\n  background-image: url(https:\/\/faltsilo.de\/wp-content\/uploads\/2021\/04\/qualitaet.jpg);\n}\n#banner-227698653 .bg {\n  background-position: 51% 49%;\n}\n#banner-227698653 .ux-shape-divider--top svg {\n  height: 150px;\n  --divider-top-width: 100%;\n}\n#banner-227698653 .ux-shape-divider--bottom svg {\n  height: 150px;\n  --divider-width: 100%;\n}\n<\/style>\n  <\/div>\n\n\n\t\t<\/div>\n\t\t\t\t\t<\/div>\n\n\t\n<\/div>\n\t\t<\/div>\n\n\t\t\n<style>\n#section_1738150633 {\n  padding-top: 30px;\n  padding-bottom: 30px;\n}\n#section_1738150633 .ux-shape-divider--top svg {\n  height: 150px;\n  --divider-top-width: 100%;\n}\n#section_1738150633 .ux-shape-divider--bottom svg {\n  height: 150px;\n  --divider-width: 100%;\n}\n<\/style>\n\t<\/section>\n\t\n\t<section class=\"section\" id=\"section_833489696\">\n\t\t<div class=\"bg section-bg fill bg-fill  bg-loaded\" >\n\n\t\t\t\n\t\t\t\n\t\t\t\n\n\t\t<\/div>\n\n\t\t\n\n\t\t<div class=\"section-content relative\">\n\t\t\t\n<div class=\"row\"  id=\"row-2055691287\">\n\n\t<div id=\"col-431374089\" class=\"col small-12 large-12\"  >\n\t\t\t\t<div class=\"col-inner\"  >\n\t\t\t\n\t\t\t\n\t<div id=\"text-1383530654\" class=\"text\">\n\t\t\n<h1>QUALITY<\/h1>\n<h2>made in Germany<\/h2>\n\t\t\n<style>\n#text-1383530654 {\n  text-align: center;\n}\n<\/style>\n\t<\/div>\n\t\n\t\t<\/div>\n\t\t\t\t\t<\/div>\n\n\t\n<\/div>\n\t\t<\/div>\n\n\t\t\n<style>\n#section_833489696 {\n  padding-top: 15px;\n  padding-bottom: 15px;\n}\n#section_833489696 .ux-shape-divider--top svg {\n  height: 150px;\n  --divider-top-width: 100%;\n}\n#section_833489696 .ux-shape-divider--bottom svg {\n  height: 150px;\n  --divider-width: 100%;\n}\n<\/style>\n\t<\/section>\n\t\n\t<section class=\"section\" id=\"section_960609379\">\n\t\t<div class=\"bg section-bg fill bg-fill  bg-loaded\" >\n\n\t\t\t\n\t\t\t\n\t\t\t\n\n\t\t<\/div>\n\n\t\t\n\n\t\t<div class=\"section-content relative\">\n\t\t\t\n<div class=\"row\"  id=\"row-278911703\">\n\n\t<div id=\"col-1319154925\" class=\"col small-12 large-12\"  >\n\t\t\t\t<div class=\"col-inner\"  >\n\t\t\t\n\t\t\t\n<p>The <strong>FaltSilo GmbH<\/strong> manufactures <strong>exclusively in Germany<\/strong> using <strong>high-quality materials<\/strong>, the majority of which are sourced from the EU. Our products are subjected to a <strong>flawless final inspection<\/strong>. The proof for this is led in <strong>workshop test protocols<\/strong>. On request, we can provide our customers with<strong>quality inspection records<\/strong> or <strong>work certificates<\/strong>. After the installation of the PV systems, Faltsilo GmbH can produce completely <strong>CO2-neutral<\/strong> and thus make a <strong>sustainable contribution to the environment<\/strong>.<\/p>\n\t\t<\/div>\n\t\t\t\t\t<\/div>\n\n\t\n<\/div>\n<div class=\"row\"  id=\"row-763121602\">\n\n\t<div id=\"col-327126040\" class=\"col small-12 large-12\"  >\n\t\t\t\t<div class=\"col-inner\"  >\n\t\t\t\n\t\t\t\n<p>In order to meet the constantly increasing demands on the market and the obligation towards our customers, <strong>Faltsilo GmbH<\/strong> sees the use of a suitable <strong>Quality Management System<\/strong> as the right course and orientation for the future. The increasing activities of our company beyond the national area strengthens us in the decision to maintain the quality management system according to the <strong>internationally recognized standard DIN EN ISO 9001:2015<\/strong> and to develop this continuously.\n<\/p>\n\t<div id=\"text-1432239158\" class=\"text\">\n\t\t\n<h3><em>Award &#8220;DIN EN ISO 9001 : 2015&#8221; T\u00dcV Cert by the T\u00dcV certification body of T\u00dcV Nord Cert GmbH &#038; Co. KG<\/em><\/h3>\n\t\t\n<style>\n#text-1432239158 {\n  text-align: left;\n}\n<\/style>\n\t<\/div>\n\t\n\t\t<\/div>\n\t\t\t\t\t<\/div>\n\n\t\n<\/div>\n<div class=\"row align-middle\"  id=\"row-190305963\">\n\n\t<div id=\"col-2064748431\" class=\"col medium-6 small-12 large-6\"  >\n\t\t\t\t<div class=\"col-inner\"  >\n\t\t\t\n\t\t\t\n\t<div class=\"img has-hover x md-x lg-x y md-y lg-y\" id=\"image_285799936\">\n\t\t\t\t\t\t\t\t<div class=\"img-inner box-shadow-3 box-shadow-3-hover dark\" >\n\t\t\t<img loading=\"lazy\" decoding=\"async\" width=\"1020\" height=\"655\" src=\"https:\/\/faltsilo.de\/wp-content\/uploads\/2021\/04\/faltsilo-qualitaet-1024x658.jpg\" class=\"attachment-large size-large\" alt=\"schwarzer faltbarer Beh\u00e4lter\" srcset=\"https:\/\/faltsilo.de\/wp-content\/uploads\/2021\/04\/faltsilo-qualitaet-1024x658.jpg 1024w, https:\/\/faltsilo.de\/wp-content\/uploads\/2021\/04\/faltsilo-qualitaet-300x193.jpg 300w, https:\/\/faltsilo.de\/wp-content\/uploads\/2021\/04\/faltsilo-qualitaet-768x494.jpg 768w, https:\/\/faltsilo.de\/wp-content\/uploads\/2021\/04\/faltsilo-qualitaet.jpg 1400w\" sizes=\"auto, (max-width: 1020px) 100vw, 1020px\" \/>\t\t\t\t\t\t\n\t\t\t\t\t<\/div>\n\t\t\t\t\t\t\t\t\n<style>\n#image_285799936 {\n  width: 100%;\n}\n<\/style>\n\t<\/div>\n\t\n<span class=\"scroll-to\" data-label=\"Scroll to: #leitlinien\" data-bullet=\"false\" data-link=\"#leitlinien\" data-title=\"Leitlinien\"><a name=\"leitlinien\"><\/a><\/span>\n\t\t<\/div>\n\t\t\t\t\t<\/div>\n\n\t\n\n\t<div id=\"col-250917540\" class=\"col medium-6 small-12 large-6\"  >\n\t\t\t\t<div class=\"col-inner\"  >\n\t\t\t\n\t\t\t\n<p>The management sees itself as having a responsibility and obligation to make all employees aware of the importance of <strong>customer expectations and requirements<\/strong>.<br \/>It is committed to the continuous improvement of its <strong>quality management system<\/strong>, <strong>to review its quality policy<\/strong> and, derived from the quality policy, to <strong>set quality objectives<\/strong> and provide the necessary resources. Through regular management reviews, the basis for improvement is laid and reviewed.<\/p>\n<p>The management also sees itself as responsible for playing an active and leading role in <strong>implementing the goals<\/strong>, providing the necessary resources to achieve our goals, and supporting all employees in their efforts to fulfill these goals.<\/p>\n\t\t<\/div>\n\t\t\t\t\t<\/div>\n\n\t\n<\/div>\n\t\t<\/div>\n\n\t\t\n<style>\n#section_960609379 {\n  padding-top: 15px;\n  padding-bottom: 15px;\n}\n#section_960609379 .ux-shape-divider--top svg {\n  height: 150px;\n  --divider-top-width: 100%;\n}\n#section_960609379 .ux-shape-divider--bottom svg {\n  height: 150px;\n  --divider-width: 100%;\n}\n<\/style>\n\t<\/section>\n\t\n\t<section class=\"section\" id=\"section_1897579082\">\n\t\t<div class=\"bg section-bg fill bg-fill  bg-loaded\" >\n\n\t\t\t\n\t\t\t\n\t\t\t\n\n\t\t<\/div>\n\n\t\t\n\n\t\t<div class=\"section-content relative\">\n\t\t\t\n<div class=\"row align-middle\"  id=\"row-1885795349\">\n\n\t<div id=\"col-740369165\" class=\"col small-12 large-12\"  >\n\t\t\t\t<div class=\"col-inner\"  >\n\t\t\t\n\t\t\t\n<h2> Quality guidelines<\/h2>\n<ul>\n<li>Constant and continuous improvement of the quality of our products and services<\/li>\n<li>Maintaining and improving the satisfaction of our customers<\/li>\n<li>Flexibility and short delivery time of common products and special designs<\/li>\n<li>Innovative and targeted products<\/li>\n<li>Outstanding product quality through materials selection in line with requirements, mastered technologies and qualified personnel<\/li>\n<li>Durable dimensional stability through optimization of the load-oriented design of the fabrication process<\/li>\n<li>Procurement of requirement-appropriate input material from specialized and qualified suppliers<\/li>\n<li>Effective production through error prevention<\/li>\n<li>Organizational security through greater transparency of processes and clarity of competencies<\/li>\n<li>Quality management helps save costs and guarantees constant performance<\/li>\n<li>Promoting and maintaining the quality awareness and customer orientation of our employees<\/li>\n<li>Satisfaction of our employees through information, communication and assumption of responsibility<\/li>\n<li>Economic success as the basis for the security of the company and its jobs<\/li>\n<\/ul>\n\t\t<\/div>\n\t\t\t\t\t<\/div>\n\n\t\n<\/div>\n\t\t<\/div>\n\n\t\t\n<style>\n#section_1897579082 {\n  padding-top: 30px;\n  padding-bottom: 30px;\n}\n#section_1897579082 .ux-shape-divider--top svg {\n  height: 150px;\n  --divider-top-width: 100%;\n}\n#section_1897579082 .ux-shape-divider--bottom svg {\n  height: 150px;\n  --divider-width: 100%;\n}\n<\/style>\n\t<\/section>\n\t\n\t<section class=\"section\" id=\"section_1945462471\">\n\t\t<div class=\"bg section-bg fill bg-fill  \" >\n\n\t\t\t\n\t\t\t<div class=\"section-bg-overlay absolute fill\"><\/div>\n\t\t\t\n\n\t\t<\/div>\n\n\t\t\n\n\t\t<div class=\"section-content relative\">\n\t\t\t\n\n<div class=\"row align-middle align-center\"  id=\"row-1147320880\">\n\n\n\t<div id=\"col-1207730490\" class=\"col small-12 large-12\"  >\n\t\t\t\t<div class=\"col-inner text-center\"  >\n\t\t\t\n\t\t\t\n\n<a href=\"\/en\/products\" target=\"_self\" class=\"button success\"  style=\"border-radius:10px;\">\n    <span>Range of Products<\/span>\n  <\/a>\n\n\n\n\t\t<\/div>\n\t\t\t\t\t<\/div>\n\n\t\n\n\n<style>\n#row-1147320880 > .col > .col-inner {\n  padding: 50px 0px 0px 0px;\n}\n@media (min-width:550px) {\n  #row-1147320880 > .col > .col-inner {\n    padding: 50px 0px 0px 0px;\n  }\n}\n@media (min-width:850px) {\n  #row-1147320880 > .col > .col-inner {\n    padding: 50px 0px 0px 0px;\n  }\n}\n<\/style>\n<\/div>\n\n\t\t<\/div>\n\n\t\t\n<style>\n#section_1945462471 {\n  padding-top: 30px;\n  padding-bottom: 30px;\n  background-color: rgb(255,255,255);\n}\n#section_1945462471 .section-bg-overlay {\n  background-color: rgba(255, 255, 255, 0.302);\n}\n#section_1945462471 .section-bg.bg-loaded {\n  background-image: url(https:\/\/faltsilo.de\/wp-content\/uploads\/2021\/04\/silo-himmel.jpg);\n}\n#section_1945462471 .section-bg {\n  background-position: 53% 36%;\n}\n#section_1945462471 .ux-shape-divider--top svg {\n  height: 150px;\n  --divider-top-width: 100%;\n}\n#section_1945462471 .ux-shape-divider--bottom svg {\n  height: 150px;\n  --divider-width: 100%;\n}\n<\/style>\n\t<\/section>\n\t\n\t<section class=\"section\" id=\"section_368363256\">\n\t\t<div class=\"bg section-bg fill bg-fill  \" >\n\n\t\t\t\n\t\t\t<div class=\"section-bg-overlay absolute fill\"><\/div>\n\t\t\t\n\t<div class=\"is-border\"\n\t\tstyle=\"border-color:rgb(255, 255, 255);border-width:0px 0px 0px 0px;\">\n\t<\/div>\n\n\t\t<\/div>\n\n\t\t\n\n\t\t<div class=\"section-content relative\">\n\t\t\t\n\n<div class=\"row\"  id=\"row-1407074547\">\n\n\n\t<div id=\"col-391889717\" class=\"col small-12 large-12\"  >\n\t\t\t\t<div class=\"col-inner\"  >\n\t\t\t\n\t\t\t\n\n\t<div id=\"gap-1905324159\" class=\"gap-element clearfix\" style=\"display:block; height:auto;\">\n\t\t\n<style>\n#gap-1905324159 {\n  padding-top: 30px;\n}\n<\/style>\n\t<\/div>\n\t\n\n\t<div id=\"text-1908712941\" class=\"text\">\n\t\t\n\n<h2>You have questions? We are available for you!<\/h2>\n\t\t\n<style>\n#text-1908712941 {\n  text-align: center;\n  color: #122a82;\n}\n#text-1908712941 > * {\n  color: #122a82;\n}\n<\/style>\n\t<\/div>\n\t\n\n\t\t<\/div>\n\t\t\t\t\t<\/div>\n\n\t\n\n<\/div>\n<div class=\"row\"  id=\"row-2126644095\">\n\n\n\t<div id=\"col-950085777\" class=\"col medium-3 small-12 large-3\"  >\n\t\t\t\t<div class=\"col-inner text-center\"  >\n\t\t\t\n\t\t\t\n\n\t<div class=\"img has-hover x md-x lg-x y md-y lg-y\" id=\"image_1944120531\">\n\t\t\t\t\t\t\t\t<div class=\"img-inner dark\" >\n\t\t\t<img loading=\"lazy\" decoding=\"async\" width=\"512\" height=\"512\" src=\"https:\/\/faltsilo.de\/wp-content\/uploads\/2021\/02\/envelope-solid.png\" class=\"attachment-original size-original\" alt=\"E-Mail an Faltsilo\" srcset=\"https:\/\/faltsilo.de\/wp-content\/uploads\/2021\/02\/envelope-solid.png 512w, https:\/\/faltsilo.de\/wp-content\/uploads\/2021\/02\/envelope-solid-300x300.png 300w, https:\/\/faltsilo.de\/wp-content\/uploads\/2021\/02\/envelope-solid-150x150.png 150w\" sizes=\"auto, (max-width: 512px) 100vw, 512px\" \/>\t\t\t\t\t\t\n\t\t\t\t\t<\/div>\n\t\t\t\t\t\t\t\t\n<style>\n#image_1944120531 {\n  width: 40%;\n}\n<\/style>\n\t<\/div>\n\t\n\n\t<div id=\"gap-354713931\" class=\"gap-element clearfix\" style=\"display:block; height:auto;\">\n\t\t\n<style>\n#gap-354713931 {\n  padding-top: 30px;\n}\n<\/style>\n\t<\/div>\n\t\n\n\t<div id=\"text-1532961018\" class=\"text\">\n\t\t\n\n<h3>Write to us!<\/h3><p><a href=\"info@faltsilo.de\">info@faltsilo.de<\/a><\/p>\n\t\t\n<style>\n#text-1532961018 {\n  text-align: center;\n}\n<\/style>\n\t<\/div>\n\t\n\n\t\t<\/div>\n\t\t\t\t\t<\/div>\n\n\t\n\n\t<div id=\"col-114897817\" class=\"col medium-3 small-12 large-3\"  >\n\t\t\t\t<div class=\"col-inner text-center\"  >\n\t\t\t\n\t\t\t\n\n\t<div class=\"img has-hover x md-x lg-x y md-y lg-y\" id=\"image_526823206\">\n\t\t\t\t\t\t\t\t<div class=\"img-inner dark\" >\n\t\t\t<img loading=\"lazy\" decoding=\"async\" width=\"320\" height=\"512\" src=\"https:\/\/faltsilo.de\/wp-content\/uploads\/2021\/02\/mobile-android-alt-solid.png\" class=\"attachment-original size-original\" alt=\"Smartphone Faltsilo GmbH\" srcset=\"https:\/\/faltsilo.de\/wp-content\/uploads\/2021\/02\/mobile-android-alt-solid.png 320w, https:\/\/faltsilo.de\/wp-content\/uploads\/2021\/02\/mobile-android-alt-solid-188x300.png 188w\" sizes=\"auto, (max-width: 320px) 100vw, 320px\" \/>\t\t\t\t\t\t\n\t\t\t\t\t<\/div>\n\t\t\t\t\t\t\t\t\n<style>\n#image_526823206 {\n  width: 25%;\n}\n<\/style>\n\t<\/div>\n\t\n\n\t<div id=\"gap-147811635\" class=\"gap-element clearfix\" style=\"display:block; height:auto;\">\n\t\t\n<style>\n#gap-147811635 {\n  padding-top: 30px;\n}\n<\/style>\n\t<\/div>\n\t\n\n\t<div id=\"text-2734220032\" class=\"text\">\n\t\t\n\n<h3>Give us a call!<\/h3><p><a href=\"tel:+4941923981\">0 41 92 - 39 81<\/a>\n\t\t\n<style>\n#text-2734220032 {\n  text-align: center;\n}\n<\/style>\n\t<\/div>\n\t\n\n\t\t<\/div>\n\t\t\t\t\t<\/div>\n\n\t\n\n\t<div id=\"col-2057077865\" class=\"col medium-3 small-12 large-3\"  >\n\t\t\t\t<div class=\"col-inner text-center\"  >\n\t\t\t\n\t\t\t\n\n\t<div class=\"img has-hover x md-x lg-x y md-y lg-y\" id=\"image_695738149\">\n\t\t\t\t\t\t\t\t<div class=\"img-inner dark\" >\n\t\t\t<img loading=\"lazy\" decoding=\"async\" width=\"384\" height=\"512\" src=\"https:\/\/faltsilo.de\/wp-content\/uploads\/2021\/02\/map-marker-solid.png\" class=\"attachment-original size-original\" alt=\"Faltsilo GmbH Bad Bramstedt\" srcset=\"https:\/\/faltsilo.de\/wp-content\/uploads\/2021\/02\/map-marker-solid.png 384w, https:\/\/faltsilo.de\/wp-content\/uploads\/2021\/02\/map-marker-solid-225x300.png 225w\" sizes=\"auto, (max-width: 384px) 100vw, 384px\" \/>\t\t\t\t\t\t\n\t\t\t\t\t<\/div>\n\t\t\t\t\t\t\t\t\n<style>\n#image_695738149 {\n  width: 30%;\n}\n<\/style>\n\t<\/div>\n\t\n\n\t<div id=\"gap-1924182733\" class=\"gap-element clearfix\" style=\"display:block; height:auto;\">\n\t\t\n<style>\n#gap-1924182733 {\n  padding-top: 30px;\n}\n<\/style>\n\t<\/div>\n\t\n\n\t<div id=\"text-2608663882\" class=\"text\">\n\t\t\n\n<h3>Come and visit us!<\/h3><p>Am Hasselt 3<br\/>D-24576 Bad Bramstedt<\/p>\n\t\t\n<style>\n#text-2608663882 {\n  text-align: center;\n}\n<\/style>\n\t<\/div>\n\t\n\n\t\t<\/div>\n\t\t\t\t\t<\/div>\n\n\t\n\n\t<div id=\"col-1460013282\" class=\"col medium-3 small-12 large-3\"  >\n\t\t\t\t<div class=\"col-inner text-center\"  >\n\t\t\t\n\t\t\t\n\n\t<div class=\"img has-hover x md-x lg-x y md-y lg-y\" id=\"image_462403554\">\n\t\t\t\t\t\t\t\t<div class=\"img-inner dark\" >\n\t\t\t<img loading=\"lazy\" decoding=\"async\" width=\"2134\" height=\"2134\" src=\"https:\/\/faltsilo.de\/wp-content\/uploads\/2021\/02\/clock-solid-1-01.png\" class=\"attachment-original size-original\" alt=\"Uhr\" srcset=\"https:\/\/faltsilo.de\/wp-content\/uploads\/2021\/02\/clock-solid-1-01.png 2134w, https:\/\/faltsilo.de\/wp-content\/uploads\/2021\/02\/clock-solid-1-01-300x300.png 300w, https:\/\/faltsilo.de\/wp-content\/uploads\/2021\/02\/clock-solid-1-01-1024x1024.png 1024w, https:\/\/faltsilo.de\/wp-content\/uploads\/2021\/02\/clock-solid-1-01-150x150.png 150w, https:\/\/faltsilo.de\/wp-content\/uploads\/2021\/02\/clock-solid-1-01-768x768.png 768w, https:\/\/faltsilo.de\/wp-content\/uploads\/2021\/02\/clock-solid-1-01-1536x1536.png 1536w, https:\/\/faltsilo.de\/wp-content\/uploads\/2021\/02\/clock-solid-1-01-2048x2048.png 2048w\" sizes=\"auto, (max-width: 2134px) 100vw, 2134px\" \/>\t\t\t\t\t\t\n\t\t\t\t\t<\/div>\n\t\t\t\t\t\t\t\t\n<style>\n#image_462403554 {\n  width: 40%;\n}\n<\/style>\n\t<\/div>\n\t\n\n\t<div id=\"gap-1769148960\" class=\"gap-element clearfix\" style=\"display:block; height:auto;\">\n\t\t\n<style>\n#gap-1769148960 {\n  padding-top: 30px;\n}\n<\/style>\n\t<\/div>\n\t\n\n\t<div id=\"text-2439390579\" class=\"text\">\n\t\t\n\n<h3>Opening hours<\/h3><p>Mo. - Do.: 07:00 - 17:00 Uhr<br\/>Fr.: 07:00 - 15:00 Uhr<\/p>\n\t\t\n<style>\n#text-2439390579 {\n  text-align: center;\n}\n<\/style>\n\t<\/div>\n\t\n\n\t\t<\/div>\n\t\t\t\t\t<\/div>\n\n\t\n\n\n<style>\n#row-2126644095 > .col > .col-inner {\n  padding: 30px 0px 0px 0px;\n}\n<\/style>\n<\/div>\n\n\t\t<\/div>\n\n\t\t\n<style>\n#section_368363256 {\n  padding-top: 0px;\n  padding-bottom: 0px;\n  min-height: 300px;\n  background-color: rgb(255, 255, 255);\n}\n#section_368363256 .section-bg-overlay {\n  background-color: rgba(247, 244, 244, 0.634);\n}\n#section_368363256 .section-bg.bg-loaded {\n  background-image: url(https:\/\/faltsilo.de\/wp-content\/uploads\/2021\/04\/salz.jpg);\n}\n#section_368363256 .section-bg {\n  background-position: 46% 28%;\n}\n#section_368363256 .ux-shape-divider--top svg {\n  height: 150px;\n  --divider-top-width: 100%;\n}\n#section_368363256 .ux-shape-divider--bottom svg {\n  height: 150px;\n  --divider-width: 100%;\n}\n<\/style>\n\t<\/section>\n\t\n","protected":false},"excerpt":{"rendered":"","protected":false},"author":2,"featured_media":0,"parent":0,"menu_order":0,"comment_status":"closed","ping_status":"closed","template":"page-blank.php","meta":{"footnotes":""},"class_list":["post-1135","page","type-page","status-publish","hentry"],"yoast_head":"<!-- This site is optimized with the Yoast SEO plugin v27.5 - https:\/\/yoast.com\/product\/yoast-seo-wordpress\/ -->\n<title>The quality of FaltSilo GmbH - T\u00dcV Nord certificates<\/title>\n<meta name=\"description\" content=\"Quality is written in capital letters for us. T\u00dcV Nord and &quot;Made in Germany&quot; confirm our qualitative manufacturing processes.\" \/>\n<meta name=\"robots\" content=\"index, follow, max-snippet:-1, max-image-preview:large, max-video-preview:-1\" \/>\n<link rel=\"canonical\" href=\"https:\/\/faltsilo.de\/en\/quality\" \/>\n<meta property=\"og:locale\" content=\"en_US\" \/>\n<meta property=\"og:type\" content=\"article\" \/>\n<meta property=\"og:title\" content=\"The quality of FaltSilo GmbH - T\u00dcV Nord certificates\" \/>\n<meta property=\"og:description\" content=\"Quality is written in capital letters for us. T\u00dcV Nord and &quot;Made in Germany&quot; confirm our qualitative manufacturing processes.\" \/>\n<meta property=\"og:url\" content=\"https:\/\/faltsilo.de\/en\/quality\" \/>\n<meta property=\"og:site_name\" content=\"FaltSilo GmbH\" \/>\n<meta property=\"article:modified_time\" content=\"2021-08-29T15:14:18+00:00\" \/>\n<meta name=\"twitter:card\" content=\"summary_large_image\" \/>\n<meta name=\"twitter:label1\" content=\"Est. reading time\" \/>\n\t<meta name=\"twitter:data1\" content=\"3 minutes\" \/>\n<script type=\"application\/ld+json\" class=\"yoast-schema-graph\">{\"@context\":\"https:\\\/\\\/schema.org\",\"@graph\":[{\"@type\":\"WebPage\",\"@id\":\"https:\\\/\\\/faltsilo.de\\\/en\\\/quality\",\"url\":\"https:\\\/\\\/faltsilo.de\\\/en\\\/quality\",\"name\":\"The quality of FaltSilo GmbH - T\u00dcV Nord certificates\",\"isPartOf\":{\"@id\":\"https:\\\/\\\/faltsilo.de\\\/en#website\"},\"datePublished\":\"2021-08-29T14:57:34+00:00\",\"dateModified\":\"2021-08-29T15:14:18+00:00\",\"description\":\"Quality is written in capital letters for us. T\u00dcV Nord and \\\"Made in Germany\\\" confirm our qualitative manufacturing processes.\",\"breadcrumb\":{\"@id\":\"https:\\\/\\\/faltsilo.de\\\/en\\\/quality#breadcrumb\"},\"inLanguage\":\"en-US\",\"potentialAction\":[{\"@type\":\"ReadAction\",\"target\":[\"https:\\\/\\\/faltsilo.de\\\/en\\\/quality\"]}]},{\"@type\":\"BreadcrumbList\",\"@id\":\"https:\\\/\\\/faltsilo.de\\\/en\\\/quality#breadcrumb\",\"itemListElement\":[{\"@type\":\"ListItem\",\"position\":1,\"name\":\"Startseite\",\"item\":\"https:\\\/\\\/faltsilo.de\\\/en\"},{\"@type\":\"ListItem\",\"position\":2,\"name\":\"Quality\"}]},{\"@type\":\"WebSite\",\"@id\":\"https:\\\/\\\/faltsilo.de\\\/en#website\",\"url\":\"https:\\\/\\\/faltsilo.de\\\/en\",\"name\":\"FaltSilo GmbH\",\"description\":\"\",\"potentialAction\":[{\"@type\":\"SearchAction\",\"target\":{\"@type\":\"EntryPoint\",\"urlTemplate\":\"https:\\\/\\\/faltsilo.de\\\/en?s={search_term_string}\"},\"query-input\":{\"@type\":\"PropertyValueSpecification\",\"valueRequired\":true,\"valueName\":\"search_term_string\"}}],\"inLanguage\":\"en-US\"}]}<\/script>\n<!-- \/ Yoast SEO plugin. -->","yoast_head_json":{"title":"The quality of FaltSilo GmbH - T\u00dcV Nord certificates","description":"Quality is written in capital letters for us. T\u00dcV Nord and \"Made in Germany\" confirm our qualitative manufacturing processes.","robots":{"index":"index","follow":"follow","max-snippet":"max-snippet:-1","max-image-preview":"max-image-preview:large","max-video-preview":"max-video-preview:-1"},"canonical":"https:\/\/faltsilo.de\/en\/quality","og_locale":"en_US","og_type":"article","og_title":"The quality of FaltSilo GmbH - T\u00dcV Nord certificates","og_description":"Quality is written in capital letters for us. T\u00dcV Nord and \"Made in Germany\" confirm our qualitative manufacturing processes.","og_url":"https:\/\/faltsilo.de\/en\/quality","og_site_name":"FaltSilo GmbH","article_modified_time":"2021-08-29T15:14:18+00:00","twitter_card":"summary_large_image","twitter_misc":{"Est. reading time":"3 minutes"},"schema":{"@context":"https:\/\/schema.org","@graph":[{"@type":"WebPage","@id":"https:\/\/faltsilo.de\/en\/quality","url":"https:\/\/faltsilo.de\/en\/quality","name":"The quality of FaltSilo GmbH - T\u00dcV Nord certificates","isPartOf":{"@id":"https:\/\/faltsilo.de\/en#website"},"datePublished":"2021-08-29T14:57:34+00:00","dateModified":"2021-08-29T15:14:18+00:00","description":"Quality is written in capital letters for us. T\u00dcV Nord and \"Made in Germany\" confirm our qualitative manufacturing processes.","breadcrumb":{"@id":"https:\/\/faltsilo.de\/en\/quality#breadcrumb"},"inLanguage":"en-US","potentialAction":[{"@type":"ReadAction","target":["https:\/\/faltsilo.de\/en\/quality"]}]},{"@type":"BreadcrumbList","@id":"https:\/\/faltsilo.de\/en\/quality#breadcrumb","itemListElement":[{"@type":"ListItem","position":1,"name":"Startseite","item":"https:\/\/faltsilo.de\/en"},{"@type":"ListItem","position":2,"name":"Quality"}]},{"@type":"WebSite","@id":"https:\/\/faltsilo.de\/en#website","url":"https:\/\/faltsilo.de\/en","name":"FaltSilo GmbH","description":"","potentialAction":[{"@type":"SearchAction","target":{"@type":"EntryPoint","urlTemplate":"https:\/\/faltsilo.de\/en?s={search_term_string}"},"query-input":{"@type":"PropertyValueSpecification","valueRequired":true,"valueName":"search_term_string"}}],"inLanguage":"en-US"}]}},"_links":{"self":[{"href":"https:\/\/faltsilo.de\/en\/wp-json\/wp\/v2\/pages\/1135","targetHints":{"allow":["GET"]}}],"collection":[{"href":"https:\/\/faltsilo.de\/en\/wp-json\/wp\/v2\/pages"}],"about":[{"href":"https:\/\/faltsilo.de\/en\/wp-json\/wp\/v2\/types\/page"}],"author":[{"embeddable":true,"href":"https:\/\/faltsilo.de\/en\/wp-json\/wp\/v2\/users\/2"}],"replies":[{"embeddable":true,"href":"https:\/\/faltsilo.de\/en\/wp-json\/wp\/v2\/comments?post=1135"}],"version-history":[{"count":2,"href":"https:\/\/faltsilo.de\/en\/wp-json\/wp\/v2\/pages\/1135\/revisions"}],"predecessor-version":[{"id":1137,"href":"https:\/\/faltsilo.de\/en\/wp-json\/wp\/v2\/pages\/1135\/revisions\/1137"}],"wp:attachment":[{"href":"https:\/\/faltsilo.de\/en\/wp-json\/wp\/v2\/media?parent=1135"}],"curies":[{"name":"wp","href":"https:\/\/api.w.org\/{rel}","templated":true}]}}